{"id":30833,"date":"2025-02-05T13:50:43","date_gmt":"2025-02-05T12:50:43","guid":{"rendered":"https:\/\/vinyltom.com\/?post_type=product&#038;p=30833"},"modified":"2025-02-05T13:52:38","modified_gmt":"2025-02-05T12:52:38","slug":"kraftwerk-radio-aktivitaet","status":"publish","type":"product","link":"https:\/\/vinyltom.com\/en\/produkt\/kraftwerk-radio-aktivitaet\/","title":{"rendered":"KRAFTWERK radio-aktivit\u00e4t"},"content":{"rendered":"<p>Title: KRAFTWERK radio-aktivit\u00e4t<\/p>\n<p>Grading: kling klang-emi h\u00f6rzu 1c064-82087\/75\/D\/VG++\/OIS-INS<\/p>\n<p>Info: german pressing ca. 1975, orig. inner + intact sticker insert, h\u00f6rzu printed on labels only, no other stickers on cover<\/p>\n<p>Cover: very good ++ with slight wear at seams and spine and slight creases, inner with minimal creases, sticker sheet nm<\/p>\n<p>Vinyl: and labels near mint and as new<\/p>\n","protected":false},"excerpt":{"rendered":"<p>Title: KRAFTWERK radio-aktivit\u00e4t Grading: kling klang-emi h\u00f6rzu 1c064-82087\/75\/D\/VG++\/OIS-INS Info: german pressing ca. 1975, orig. inner + intact sticker insert, h\u00f6rzu printed on labels only, no other stickers on cover Cover: very good ++ with slight wear at seams and spine and slight creases, inner with minimal creases, sticker sheet nm Vinyl: and labels near mint [&hellip;]<\/p>\n","protected":false},"featured_media":30834,"template":"","meta":[],"product_brand":[],"product_cat":[69,70,61],"product_tag":[],"class_list":{"0":"post-30833","1":"product","2":"type-product","3":"status-publish","4":"has-post-thumbnail","6":"product_cat-ambient-elektronik-minimal","7":"product_cat-deutsch-ndw","8":"product_cat-rock-pop-70s","10":"first","11":"instock","12":"sold-individually","13":"shipping-taxable","14":"purchasable","15":"product-type-simple"},"yoast_head":"<!-- This site is optimized with the Yoast SEO plugin v27.3 - https:\/\/yoast.com\/product\/yoast-seo-wordpress\/ -->\n<title>KRAFTWERK radio-aktivit\u00e4t - Vinyltom<\/title>\n<meta name=\"robots\" content=\"index, follow, max-snippet:-1, max-image-preview:large, max-video-preview:-1\" \/>\n<link rel=\"canonical\" href=\"https:\/\/vinyltom.com\/en\/produkt\/kraftwerk-radio-aktivitaet\/\" \/>\n<meta property=\"og:locale\" content=\"en_US\" \/>\n<meta property=\"og:type\" content=\"article\" \/>\n<meta property=\"og:title\" content=\"KRAFTWERK radio-aktivit\u00e4t - Vinyltom\" \/>\n<meta property=\"og:description\" content=\"Title: KRAFTWERK radio-aktivit\u00e4t Grading: kling klang-emi h\u00f6rzu 1c064-82087\/75\/D\/VG++\/OIS-INS Info: german pressing ca. 1975, orig. inner + intact sticker insert, h\u00f6rzu printed on labels only, no other stickers on cover Cover: very good ++ with slight wear at seams and spine and slight creases, inner with minimal creases, sticker sheet nm Vinyl: and labels near mint [&hellip;]\" \/>\n<meta property=\"og:url\" content=\"https:\/\/vinyltom.com\/en\/produkt\/kraftwerk-radio-aktivitaet\/\" \/>\n<meta property=\"og:site_name\" content=\"Vinyltom\" \/>\n<meta property=\"article:modified_time\" content=\"2025-02-05T12:52:38+00:00\" \/>\n<meta property=\"og:image\" content=\"https:\/\/vinyltom.com\/wp-content\/uploads\/2025\/02\/kraftwerk_radio.jpg\" \/>\n\t<meta property=\"og:image:width\" content=\"933\" \/>\n\t<meta property=\"og:image:height\" content=\"907\" \/>\n\t<meta property=\"og:image:type\" content=\"image\/jpeg\" \/>\n<meta name=\"twitter:card\" content=\"summary_large_image\" \/>\n<meta name=\"twitter:label1\" content=\"Est. reading time\" \/>\n\t<meta name=\"twitter:data1\" content=\"1 minute\" \/>\n<script type=\"application\/ld+json\" class=\"yoast-schema-graph\">{\"@context\":\"https:\\\/\\\/schema.org\",\"@graph\":[{\"@type\":\"WebPage\",\"@id\":\"https:\\\/\\\/vinyltom.com\\\/en\\\/produkt\\\/kraftwerk-radio-aktivitaet\\\/\",\"url\":\"https:\\\/\\\/vinyltom.com\\\/en\\\/produkt\\\/kraftwerk-radio-aktivitaet\\\/\",\"name\":\"KRAFTWERK radio-aktivit\u00e4t - Vinyltom\",\"isPartOf\":{\"@id\":\"https:\\\/\\\/vinyltom.com\\\/en\\\/#website\"},\"primaryImageOfPage\":{\"@id\":\"https:\\\/\\\/vinyltom.com\\\/en\\\/produkt\\\/kraftwerk-radio-aktivitaet\\\/#primaryimage\"},\"image\":{\"@id\":\"https:\\\/\\\/vinyltom.com\\\/en\\\/produkt\\\/kraftwerk-radio-aktivitaet\\\/#primaryimage\"},\"thumbnailUrl\":\"https:\\\/\\\/i0.wp.com\\\/vinyltom.com\\\/wp-content\\\/uploads\\\/2025\\\/02\\\/kraftwerk_radio.jpg?fit=933%2C907&ssl=1\",\"datePublished\":\"2025-02-05T12:50:43+00:00\",\"dateModified\":\"2025-02-05T12:52:38+00:00\",\"breadcrumb\":{\"@id\":\"https:\\\/\\\/vinyltom.com\\\/en\\\/produkt\\\/kraftwerk-radio-aktivitaet\\\/#breadcrumb\"},\"inLanguage\":\"en-US\",\"potentialAction\":[{\"@type\":\"ReadAction\",\"target\":[\"https:\\\/\\\/vinyltom.com\\\/en\\\/produkt\\\/kraftwerk-radio-aktivitaet\\\/\"]}]},{\"@type\":\"ImageObject\",\"inLanguage\":\"en-US\",\"@id\":\"https:\\\/\\\/vinyltom.com\\\/en\\\/produkt\\\/kraftwerk-radio-aktivitaet\\\/#primaryimage\",\"url\":\"https:\\\/\\\/i0.wp.com\\\/vinyltom.com\\\/wp-content\\\/uploads\\\/2025\\\/02\\\/kraftwerk_radio.jpg?fit=933%2C907&ssl=1\",\"contentUrl\":\"https:\\\/\\\/i0.wp.com\\\/vinyltom.com\\\/wp-content\\\/uploads\\\/2025\\\/02\\\/kraftwerk_radio.jpg?fit=933%2C907&ssl=1\",\"width\":933,\"height\":907},{\"@type\":\"BreadcrumbList\",\"@id\":\"https:\\\/\\\/vinyltom.com\\\/en\\\/produkt\\\/kraftwerk-radio-aktivitaet\\\/#breadcrumb\",\"itemListElement\":[{\"@type\":\"ListItem\",\"position\":1,\"name\":\"Startseite\",\"item\":\"https:\\\/\\\/vinyltom.com\\\/en\\\/\"},{\"@type\":\"ListItem\",\"position\":2,\"name\":\"Shop\",\"item\":\"https:\\\/\\\/vinyltom.com\\\/en\\\/shop-2\\\/\"},{\"@type\":\"ListItem\",\"position\":3,\"name\":\"KRAFTWERK radio-aktivit\u00e4t\"}]},{\"@type\":\"WebSite\",\"@id\":\"https:\\\/\\\/vinyltom.com\\\/en\\\/#website\",\"url\":\"https:\\\/\\\/vinyltom.com\\\/en\\\/\",\"name\":\"Vinyltom the Record King and Music Specialist\",\"description\":\"Vintage Vinyl Records for Collectors\",\"publisher\":{\"@id\":\"https:\\\/\\\/vinyltom.com\\\/en\\\/#organization\"},\"potentialAction\":[{\"@type\":\"SearchAction\",\"target\":{\"@type\":\"EntryPoint\",\"urlTemplate\":\"https:\\\/\\\/vinyltom.com\\\/en\\\/?s={search_term_string}\"},\"query-input\":{\"@type\":\"PropertyValueSpecification\",\"valueRequired\":true,\"valueName\":\"search_term_string\"}}],\"inLanguage\":\"en-US\"},{\"@type\":\"Organization\",\"@id\":\"https:\\\/\\\/vinyltom.com\\\/en\\\/#organization\",\"name\":\"Vinyltom the Record King and Music Specialist\",\"url\":\"https:\\\/\\\/vinyltom.com\\\/en\\\/\",\"logo\":{\"@type\":\"ImageObject\",\"inLanguage\":\"en-US\",\"@id\":\"https:\\\/\\\/vinyltom.com\\\/en\\\/#\\\/schema\\\/logo\\\/image\\\/\",\"url\":\"https:\\\/\\\/i1.wp.com\\\/vinyltom.com\\\/wp-content\\\/uploads\\\/2020\\\/11\\\/cropped-Vinyltom_logo_druck.jpg?fit=512%2C512&ssl=1\",\"contentUrl\":\"https:\\\/\\\/i1.wp.com\\\/vinyltom.com\\\/wp-content\\\/uploads\\\/2020\\\/11\\\/cropped-Vinyltom_logo_druck.jpg?fit=512%2C512&ssl=1\",\"width\":512,\"height\":512,\"caption\":\"Vinyltom the Record King and Music Specialist\"},\"image\":{\"@id\":\"https:\\\/\\\/vinyltom.com\\\/en\\\/#\\\/schema\\\/logo\\\/image\\\/\"},\"sameAs\":[\"https:\\\/\\\/at.linkedin.com\\\/in\\\/vinyltom\"]}]}<\/script>\n<!-- \/ Yoast SEO plugin. -->","yoast_head_json":{"title":"KRAFTWERK radio-aktivit\u00e4t - Vinyltom","robots":{"index":"index","follow":"follow","max-snippet":"max-snippet:-1","max-image-preview":"max-image-preview:large","max-video-preview":"max-video-preview:-1"},"canonical":"https:\/\/vinyltom.com\/en\/produkt\/kraftwerk-radio-aktivitaet\/","og_locale":"en_US","og_type":"article","og_title":"KRAFTWERK radio-aktivit\u00e4t - Vinyltom","og_description":"Title: KRAFTWERK radio-aktivit\u00e4t Grading: kling klang-emi h\u00f6rzu 1c064-82087\/75\/D\/VG++\/OIS-INS Info: german pressing ca. 1975, orig. inner + intact sticker insert, h\u00f6rzu printed on labels only, no other stickers on cover Cover: very good ++ with slight wear at seams and spine and slight creases, inner with minimal creases, sticker sheet nm Vinyl: and labels near mint [&hellip;]","og_url":"https:\/\/vinyltom.com\/en\/produkt\/kraftwerk-radio-aktivitaet\/","og_site_name":"Vinyltom","article_modified_time":"2025-02-05T12:52:38+00:00","og_image":[{"width":933,"height":907,"url":"https:\/\/vinyltom.com\/wp-content\/uploads\/2025\/02\/kraftwerk_radio.jpg","type":"image\/jpeg"}],"twitter_card":"summary_large_image","twitter_misc":{"Est. reading time":"1 minute"},"schema":{"@context":"https:\/\/schema.org","@graph":[{"@type":"WebPage","@id":"https:\/\/vinyltom.com\/en\/produkt\/kraftwerk-radio-aktivitaet\/","url":"https:\/\/vinyltom.com\/en\/produkt\/kraftwerk-radio-aktivitaet\/","name":"KRAFTWERK radio-aktivit\u00e4t - Vinyltom","isPartOf":{"@id":"https:\/\/vinyltom.com\/en\/#website"},"primaryImageOfPage":{"@id":"https:\/\/vinyltom.com\/en\/produkt\/kraftwerk-radio-aktivitaet\/#primaryimage"},"image":{"@id":"https:\/\/vinyltom.com\/en\/produkt\/kraftwerk-radio-aktivitaet\/#primaryimage"},"thumbnailUrl":"https:\/\/i0.wp.com\/vinyltom.com\/wp-content\/uploads\/2025\/02\/kraftwerk_radio.jpg?fit=933%2C907&ssl=1","datePublished":"2025-02-05T12:50:43+00:00","dateModified":"2025-02-05T12:52:38+00:00","breadcrumb":{"@id":"https:\/\/vinyltom.com\/en\/produkt\/kraftwerk-radio-aktivitaet\/#breadcrumb"},"inLanguage":"en-US","potentialAction":[{"@type":"ReadAction","target":["https:\/\/vinyltom.com\/en\/produkt\/kraftwerk-radio-aktivitaet\/"]}]},{"@type":"ImageObject","inLanguage":"en-US","@id":"https:\/\/vinyltom.com\/en\/produkt\/kraftwerk-radio-aktivitaet\/#primaryimage","url":"https:\/\/i0.wp.com\/vinyltom.com\/wp-content\/uploads\/2025\/02\/kraftwerk_radio.jpg?fit=933%2C907&ssl=1","contentUrl":"https:\/\/i0.wp.com\/vinyltom.com\/wp-content\/uploads\/2025\/02\/kraftwerk_radio.jpg?fit=933%2C907&ssl=1","width":933,"height":907},{"@type":"BreadcrumbList","@id":"https:\/\/vinyltom.com\/en\/produkt\/kraftwerk-radio-aktivitaet\/#breadcrumb","itemListElement":[{"@type":"ListItem","position":1,"name":"Startseite","item":"https:\/\/vinyltom.com\/en\/"},{"@type":"ListItem","position":2,"name":"Shop","item":"https:\/\/vinyltom.com\/en\/shop-2\/"},{"@type":"ListItem","position":3,"name":"KRAFTWERK radio-aktivit\u00e4t"}]},{"@type":"WebSite","@id":"https:\/\/vinyltom.com\/en\/#website","url":"https:\/\/vinyltom.com\/en\/","name":"Vinyltom the Record King and Music Specialist","description":"Vintage Vinyl Records for Collectors","publisher":{"@id":"https:\/\/vinyltom.com\/en\/#organization"},"potentialAction":[{"@type":"SearchAction","target":{"@type":"EntryPoint","urlTemplate":"https:\/\/vinyltom.com\/en\/?s={search_term_string}"},"query-input":{"@type":"PropertyValueSpecification","valueRequired":true,"valueName":"search_term_string"}}],"inLanguage":"en-US"},{"@type":"Organization","@id":"https:\/\/vinyltom.com\/en\/#organization","name":"Vinyltom the Record King and Music Specialist","url":"https:\/\/vinyltom.com\/en\/","logo":{"@type":"ImageObject","inLanguage":"en-US","@id":"https:\/\/vinyltom.com\/en\/#\/schema\/logo\/image\/","url":"https:\/\/i1.wp.com\/vinyltom.com\/wp-content\/uploads\/2020\/11\/cropped-Vinyltom_logo_druck.jpg?fit=512%2C512&ssl=1","contentUrl":"https:\/\/i1.wp.com\/vinyltom.com\/wp-content\/uploads\/2020\/11\/cropped-Vinyltom_logo_druck.jpg?fit=512%2C512&ssl=1","width":512,"height":512,"caption":"Vinyltom the Record King and Music Specialist"},"image":{"@id":"https:\/\/vinyltom.com\/en\/#\/schema\/logo\/image\/"},"sameAs":["https:\/\/at.linkedin.com\/in\/vinyltom"]}]}},"jetpack_sharing_enabled":true,"_links":{"self":[{"href":"https:\/\/vinyltom.com\/en\/wp-json\/wp\/v2\/product\/30833","targetHints":{"allow":["GET"]}}],"collection":[{"href":"https:\/\/vinyltom.com\/en\/wp-json\/wp\/v2\/product"}],"about":[{"href":"https:\/\/vinyltom.com\/en\/wp-json\/wp\/v2\/types\/product"}],"wp:featuredmedia":[{"embeddable":true,"href":"https:\/\/vinyltom.com\/en\/wp-json\/wp\/v2\/media\/30834"}],"wp:attachment":[{"href":"https:\/\/vinyltom.com\/en\/wp-json\/wp\/v2\/media?parent=30833"}],"wp:term":[{"taxonomy":"product_brand","embeddable":true,"href":"https:\/\/vinyltom.com\/en\/wp-json\/wp\/v2\/product_brand?post=30833"},{"taxonomy":"product_cat","embeddable":true,"href":"https:\/\/vinyltom.com\/en\/wp-json\/wp\/v2\/product_cat?post=30833"},{"taxonomy":"product_tag","embeddable":true,"href":"https:\/\/vinyltom.com\/en\/wp-json\/wp\/v2\/product_tag?post=30833"}],"curies":[{"name":"wp","href":"https:\/\/api.w.org\/{rel}","templated":true}]}}