{"id":26897,"date":"2022-11-02T10:52:44","date_gmt":"2022-11-02T09:52:44","guid":{"rendered":"https:\/\/vinyltom.com\/?post_type=product&#038;p=26897"},"modified":"2022-11-02T11:00:46","modified_gmt":"2022-11-02T10:00:46","slug":"orf-big-band-arbeitsplatte-u-lp-72-1","status":"publish","type":"product","link":"https:\/\/vinyltom.com\/en\/produkt\/orf-big-band-arbeitsplatte-u-lp-72-1\/","title":{"rendered":"ORF BIG BAND arbeitsplatte u-lp 72\/1"},"content":{"rendered":"<p>Title: ORF BIGBAND arbeitsplatte u-lp 72\/1-leitung: karel krautgartner<\/p>\n<p>Grading: orf u-lp 72\/1\/72\/A\/VG++<\/p>\n<p>Info: austrian library-transcription pressing 1972 (sample copy, for radio station use only printed on cover and label), bigband cond. by: karel krautgartner, feat. robert demmer, art farmer, ernst lamprecht, robert politzer, garney hicks, butch kellem, heinz czadek, roy deuvall, hans salomon, hans l\u00f6w, leszek zadlo, peter klinger, felix hanusik, fritz pauer, richard \u00f6sterreicher, james p. woode, erich bachtr\u00e4gl<\/p>\n<p>Cover: very good ++ with slight general wear and slight creases, slight glue residue back<\/p>\n<p>Vinyl: very good ++ with some surface scratches (plays mainly nm with slight occ. clicks and crackling noises &#8211; mainly between tracks and in quiet passages), labels with slight irregularities<\/p>\n","protected":false},"excerpt":{"rendered":"<p>Title: ORF BIGBAND arbeitsplatte u-lp 72\/1-leitung: karel krautgartner Grading: orf u-lp 72\/1\/72\/A\/VG++ Info: austrian library-transcription pressing 1972 (sample copy, for radio station use only printed on cover and label), bigband cond. by: karel krautgartner, feat. robert demmer, art farmer, ernst lamprecht, robert politzer, garney hicks, butch kellem, heinz czadek, roy deuvall, hans salomon, hans l\u00f6w, [&hellip;]<\/p>\n","protected":false},"featured_media":26898,"template":"","meta":[],"product_brand":[],"product_cat":[82,75,65],"product_tag":[],"class_list":{"0":"post-26897","1":"product","2":"type-product","3":"status-publish","4":"has-post-thumbnail","6":"product_cat-jazz-europa","7":"product_cat-raritaeten","8":"product_cat-soul-funk-disco","10":"first","11":"instock","12":"sold-individually","13":"shipping-taxable","14":"purchasable","15":"product-type-simple"},"yoast_head":"<!-- This site is optimized with the Yoast SEO plugin v27.4 - https:\/\/yoast.com\/product\/yoast-seo-wordpress\/ -->\n<title>ORF BIG BAND arbeitsplatte u-lp 72\/1 - Vinyltom<\/title>\n<meta name=\"robots\" content=\"index, follow, max-snippet:-1, max-image-preview:large, max-video-preview:-1\" \/>\n<link rel=\"canonical\" href=\"https:\/\/vinyltom.com\/en\/produkt\/orf-big-band-arbeitsplatte-u-lp-72-1\/\" \/>\n<meta property=\"og:locale\" content=\"en_US\" \/>\n<meta property=\"og:type\" content=\"article\" \/>\n<meta property=\"og:title\" content=\"ORF BIG BAND arbeitsplatte u-lp 72\/1 - Vinyltom\" \/>\n<meta property=\"og:description\" content=\"Title: ORF BIGBAND arbeitsplatte u-lp 72\/1-leitung: karel krautgartner Grading: orf u-lp 72\/1\/72\/A\/VG++ Info: austrian library-transcription pressing 1972 (sample copy, for radio station use only printed on cover and label), bigband cond. by: karel krautgartner, feat. robert demmer, art farmer, ernst lamprecht, robert politzer, garney hicks, butch kellem, heinz czadek, roy deuvall, hans salomon, hans l\u00f6w, [&hellip;]\" \/>\n<meta property=\"og:url\" content=\"https:\/\/vinyltom.com\/en\/produkt\/orf-big-band-arbeitsplatte-u-lp-72-1\/\" \/>\n<meta property=\"og:site_name\" content=\"Vinyltom\" \/>\n<meta property=\"article:modified_time\" content=\"2022-11-02T10:00:46+00:00\" \/>\n<meta property=\"og:image\" content=\"https:\/\/vinyltom.com\/wp-content\/uploads\/2022\/11\/orfbig_arbeit_ulp721.jpg\" \/>\n\t<meta property=\"og:image:width\" content=\"300\" \/>\n\t<meta property=\"og:image:height\" content=\"300\" \/>\n\t<meta property=\"og:image:type\" content=\"image\/jpeg\" \/>\n<meta name=\"twitter:card\" content=\"summary_large_image\" \/>\n<meta name=\"twitter:label1\" content=\"Est. reading time\" \/>\n\t<meta name=\"twitter:data1\" content=\"1 minute\" \/>\n<script type=\"application\/ld+json\" class=\"yoast-schema-graph\">{\"@context\":\"https:\\\/\\\/schema.org\",\"@graph\":[{\"@type\":\"WebPage\",\"@id\":\"https:\\\/\\\/vinyltom.com\\\/en\\\/produkt\\\/orf-big-band-arbeitsplatte-u-lp-72-1\\\/\",\"url\":\"https:\\\/\\\/vinyltom.com\\\/en\\\/produkt\\\/orf-big-band-arbeitsplatte-u-lp-72-1\\\/\",\"name\":\"ORF BIG BAND arbeitsplatte u-lp 72\\\/1 - Vinyltom\",\"isPartOf\":{\"@id\":\"https:\\\/\\\/vinyltom.com\\\/en\\\/#website\"},\"primaryImageOfPage\":{\"@id\":\"https:\\\/\\\/vinyltom.com\\\/en\\\/produkt\\\/orf-big-band-arbeitsplatte-u-lp-72-1\\\/#primaryimage\"},\"image\":{\"@id\":\"https:\\\/\\\/vinyltom.com\\\/en\\\/produkt\\\/orf-big-band-arbeitsplatte-u-lp-72-1\\\/#primaryimage\"},\"thumbnailUrl\":\"https:\\\/\\\/i0.wp.com\\\/vinyltom.com\\\/wp-content\\\/uploads\\\/2022\\\/11\\\/orfbig_arbeit_ulp721.jpg?fit=300%2C300&ssl=1\",\"datePublished\":\"2022-11-02T09:52:44+00:00\",\"dateModified\":\"2022-11-02T10:00:46+00:00\",\"breadcrumb\":{\"@id\":\"https:\\\/\\\/vinyltom.com\\\/en\\\/produkt\\\/orf-big-band-arbeitsplatte-u-lp-72-1\\\/#breadcrumb\"},\"inLanguage\":\"en-US\",\"potentialAction\":[{\"@type\":\"ReadAction\",\"target\":[\"https:\\\/\\\/vinyltom.com\\\/en\\\/produkt\\\/orf-big-band-arbeitsplatte-u-lp-72-1\\\/\"]}]},{\"@type\":\"ImageObject\",\"inLanguage\":\"en-US\",\"@id\":\"https:\\\/\\\/vinyltom.com\\\/en\\\/produkt\\\/orf-big-band-arbeitsplatte-u-lp-72-1\\\/#primaryimage\",\"url\":\"https:\\\/\\\/i0.wp.com\\\/vinyltom.com\\\/wp-content\\\/uploads\\\/2022\\\/11\\\/orfbig_arbeit_ulp721.jpg?fit=300%2C300&ssl=1\",\"contentUrl\":\"https:\\\/\\\/i0.wp.com\\\/vinyltom.com\\\/wp-content\\\/uploads\\\/2022\\\/11\\\/orfbig_arbeit_ulp721.jpg?fit=300%2C300&ssl=1\",\"width\":300,\"height\":300},{\"@type\":\"BreadcrumbList\",\"@id\":\"https:\\\/\\\/vinyltom.com\\\/en\\\/produkt\\\/orf-big-band-arbeitsplatte-u-lp-72-1\\\/#breadcrumb\",\"itemListElement\":[{\"@type\":\"ListItem\",\"position\":1,\"name\":\"Startseite\",\"item\":\"https:\\\/\\\/vinyltom.com\\\/en\\\/\"},{\"@type\":\"ListItem\",\"position\":2,\"name\":\"Shop\",\"item\":\"https:\\\/\\\/vinyltom.com\\\/en\\\/shop-2\\\/\"},{\"@type\":\"ListItem\",\"position\":3,\"name\":\"ORF BIG BAND arbeitsplatte u-lp 72\\\/1\"}]},{\"@type\":\"WebSite\",\"@id\":\"https:\\\/\\\/vinyltom.com\\\/en\\\/#website\",\"url\":\"https:\\\/\\\/vinyltom.com\\\/en\\\/\",\"name\":\"Vinyltom the Record King and Music Specialist\",\"description\":\"Vintage Vinyl Records for Collectors\",\"publisher\":{\"@id\":\"https:\\\/\\\/vinyltom.com\\\/en\\\/#organization\"},\"potentialAction\":[{\"@type\":\"SearchAction\",\"target\":{\"@type\":\"EntryPoint\",\"urlTemplate\":\"https:\\\/\\\/vinyltom.com\\\/en\\\/?s={search_term_string}\"},\"query-input\":{\"@type\":\"PropertyValueSpecification\",\"valueRequired\":true,\"valueName\":\"search_term_string\"}}],\"inLanguage\":\"en-US\"},{\"@type\":\"Organization\",\"@id\":\"https:\\\/\\\/vinyltom.com\\\/en\\\/#organization\",\"name\":\"Vinyltom the Record King and Music Specialist\",\"url\":\"https:\\\/\\\/vinyltom.com\\\/en\\\/\",\"logo\":{\"@type\":\"ImageObject\",\"inLanguage\":\"en-US\",\"@id\":\"https:\\\/\\\/vinyltom.com\\\/en\\\/#\\\/schema\\\/logo\\\/image\\\/\",\"url\":\"https:\\\/\\\/i1.wp.com\\\/vinyltom.com\\\/wp-content\\\/uploads\\\/2020\\\/11\\\/cropped-Vinyltom_logo_druck.jpg?fit=512%2C512&ssl=1\",\"contentUrl\":\"https:\\\/\\\/i1.wp.com\\\/vinyltom.com\\\/wp-content\\\/uploads\\\/2020\\\/11\\\/cropped-Vinyltom_logo_druck.jpg?fit=512%2C512&ssl=1\",\"width\":512,\"height\":512,\"caption\":\"Vinyltom the Record King and Music Specialist\"},\"image\":{\"@id\":\"https:\\\/\\\/vinyltom.com\\\/en\\\/#\\\/schema\\\/logo\\\/image\\\/\"},\"sameAs\":[\"https:\\\/\\\/at.linkedin.com\\\/in\\\/vinyltom\"]}]}<\/script>\n<!-- \/ Yoast SEO plugin. -->","yoast_head_json":{"title":"ORF BIG BAND arbeitsplatte u-lp 72\/1 - Vinyltom","robots":{"index":"index","follow":"follow","max-snippet":"max-snippet:-1","max-image-preview":"max-image-preview:large","max-video-preview":"max-video-preview:-1"},"canonical":"https:\/\/vinyltom.com\/en\/produkt\/orf-big-band-arbeitsplatte-u-lp-72-1\/","og_locale":"en_US","og_type":"article","og_title":"ORF BIG BAND arbeitsplatte u-lp 72\/1 - Vinyltom","og_description":"Title: ORF BIGBAND arbeitsplatte u-lp 72\/1-leitung: karel krautgartner Grading: orf u-lp 72\/1\/72\/A\/VG++ Info: austrian library-transcription pressing 1972 (sample copy, for radio station use only printed on cover and label), bigband cond. by: karel krautgartner, feat. robert demmer, art farmer, ernst lamprecht, robert politzer, garney hicks, butch kellem, heinz czadek, roy deuvall, hans salomon, hans l\u00f6w, [&hellip;]","og_url":"https:\/\/vinyltom.com\/en\/produkt\/orf-big-band-arbeitsplatte-u-lp-72-1\/","og_site_name":"Vinyltom","article_modified_time":"2022-11-02T10:00:46+00:00","og_image":[{"width":300,"height":300,"url":"https:\/\/vinyltom.com\/wp-content\/uploads\/2022\/11\/orfbig_arbeit_ulp721.jpg","type":"image\/jpeg"}],"twitter_card":"summary_large_image","twitter_misc":{"Est. reading time":"1 minute"},"schema":{"@context":"https:\/\/schema.org","@graph":[{"@type":"WebPage","@id":"https:\/\/vinyltom.com\/en\/produkt\/orf-big-band-arbeitsplatte-u-lp-72-1\/","url":"https:\/\/vinyltom.com\/en\/produkt\/orf-big-band-arbeitsplatte-u-lp-72-1\/","name":"ORF BIG BAND arbeitsplatte u-lp 72\/1 - Vinyltom","isPartOf":{"@id":"https:\/\/vinyltom.com\/en\/#website"},"primaryImageOfPage":{"@id":"https:\/\/vinyltom.com\/en\/produkt\/orf-big-band-arbeitsplatte-u-lp-72-1\/#primaryimage"},"image":{"@id":"https:\/\/vinyltom.com\/en\/produkt\/orf-big-band-arbeitsplatte-u-lp-72-1\/#primaryimage"},"thumbnailUrl":"https:\/\/i0.wp.com\/vinyltom.com\/wp-content\/uploads\/2022\/11\/orfbig_arbeit_ulp721.jpg?fit=300%2C300&ssl=1","datePublished":"2022-11-02T09:52:44+00:00","dateModified":"2022-11-02T10:00:46+00:00","breadcrumb":{"@id":"https:\/\/vinyltom.com\/en\/produkt\/orf-big-band-arbeitsplatte-u-lp-72-1\/#breadcrumb"},"inLanguage":"en-US","potentialAction":[{"@type":"ReadAction","target":["https:\/\/vinyltom.com\/en\/produkt\/orf-big-band-arbeitsplatte-u-lp-72-1\/"]}]},{"@type":"ImageObject","inLanguage":"en-US","@id":"https:\/\/vinyltom.com\/en\/produkt\/orf-big-band-arbeitsplatte-u-lp-72-1\/#primaryimage","url":"https:\/\/i0.wp.com\/vinyltom.com\/wp-content\/uploads\/2022\/11\/orfbig_arbeit_ulp721.jpg?fit=300%2C300&ssl=1","contentUrl":"https:\/\/i0.wp.com\/vinyltom.com\/wp-content\/uploads\/2022\/11\/orfbig_arbeit_ulp721.jpg?fit=300%2C300&ssl=1","width":300,"height":300},{"@type":"BreadcrumbList","@id":"https:\/\/vinyltom.com\/en\/produkt\/orf-big-band-arbeitsplatte-u-lp-72-1\/#breadcrumb","itemListElement":[{"@type":"ListItem","position":1,"name":"Startseite","item":"https:\/\/vinyltom.com\/en\/"},{"@type":"ListItem","position":2,"name":"Shop","item":"https:\/\/vinyltom.com\/en\/shop-2\/"},{"@type":"ListItem","position":3,"name":"ORF BIG BAND arbeitsplatte u-lp 72\/1"}]},{"@type":"WebSite","@id":"https:\/\/vinyltom.com\/en\/#website","url":"https:\/\/vinyltom.com\/en\/","name":"Vinyltom the Record King and Music Specialist","description":"Vintage Vinyl Records for Collectors","publisher":{"@id":"https:\/\/vinyltom.com\/en\/#organization"},"potentialAction":[{"@type":"SearchAction","target":{"@type":"EntryPoint","urlTemplate":"https:\/\/vinyltom.com\/en\/?s={search_term_string}"},"query-input":{"@type":"PropertyValueSpecification","valueRequired":true,"valueName":"search_term_string"}}],"inLanguage":"en-US"},{"@type":"Organization","@id":"https:\/\/vinyltom.com\/en\/#organization","name":"Vinyltom the Record King and Music Specialist","url":"https:\/\/vinyltom.com\/en\/","logo":{"@type":"ImageObject","inLanguage":"en-US","@id":"https:\/\/vinyltom.com\/en\/#\/schema\/logo\/image\/","url":"https:\/\/i1.wp.com\/vinyltom.com\/wp-content\/uploads\/2020\/11\/cropped-Vinyltom_logo_druck.jpg?fit=512%2C512&ssl=1","contentUrl":"https:\/\/i1.wp.com\/vinyltom.com\/wp-content\/uploads\/2020\/11\/cropped-Vinyltom_logo_druck.jpg?fit=512%2C512&ssl=1","width":512,"height":512,"caption":"Vinyltom the Record King and Music Specialist"},"image":{"@id":"https:\/\/vinyltom.com\/en\/#\/schema\/logo\/image\/"},"sameAs":["https:\/\/at.linkedin.com\/in\/vinyltom"]}]}},"jetpack_sharing_enabled":true,"_links":{"self":[{"href":"https:\/\/vinyltom.com\/en\/wp-json\/wp\/v2\/product\/26897","targetHints":{"allow":["GET"]}}],"collection":[{"href":"https:\/\/vinyltom.com\/en\/wp-json\/wp\/v2\/product"}],"about":[{"href":"https:\/\/vinyltom.com\/en\/wp-json\/wp\/v2\/types\/product"}],"wp:featuredmedia":[{"embeddable":true,"href":"https:\/\/vinyltom.com\/en\/wp-json\/wp\/v2\/media\/26898"}],"wp:attachment":[{"href":"https:\/\/vinyltom.com\/en\/wp-json\/wp\/v2\/media?parent=26897"}],"wp:term":[{"taxonomy":"product_brand","embeddable":true,"href":"https:\/\/vinyltom.com\/en\/wp-json\/wp\/v2\/product_brand?post=26897"},{"taxonomy":"product_cat","embeddable":true,"href":"https:\/\/vinyltom.com\/en\/wp-json\/wp\/v2\/product_cat?post=26897"},{"taxonomy":"product_tag","embeddable":true,"href":"https:\/\/vinyltom.com\/en\/wp-json\/wp\/v2\/product_tag?post=26897"}],"curies":[{"name":"wp","href":"https:\/\/api.w.org\/{rel}","templated":true}]}}