{"id":22436,"date":"2021-03-18T13:51:59","date_gmt":"2021-03-18T12:51:59","guid":{"rendered":"https:\/\/vinyltom.com\/?post_type=product&#038;p=22436"},"modified":"2024-12-05T09:30:46","modified_gmt":"2024-12-05T08:30:46","slug":"orf-big-band-same","status":"publish","type":"product","link":"https:\/\/vinyltom.com\/en\/produkt\/orf-big-band-same\/","title":{"rendered":"ORF BIG BAND same"},"content":{"rendered":"<p>Title: ORF BIGBAND same<\/p>\n<p>Grading: orf-akm pr-platte\/7?\/A\/NM-\/FOC-WOC<\/p>\n<p>Info: very rare austrian pressing ca. early seventies, sample copy (printed on label). conductors: johannes fehring, erich kleinschuster, karel krautgartner, ernst kugler. feat. stephanie, brigitte wall, robert demmer, art farmer, ernst lamprecht, robert politzer, garney hicks, butch kellem, heinz czadek, roy deuvall, hans salomon, hans l\u00f6w, leszek zadlo, peter klinger, felix hanusik, fritz pauer, richard \u00f6sterreicher, james b. woode, erich bachtr\u00e4gl<\/p>\n<p>Cover: the outside laminated multi-gatefold cover is near mint minus with only minimal general wear, the last two titles side 1 have been marked inside (see photo)<\/p>\n<p>Vinyl: near mint minus with minimal hairlines, labels nm<\/p>\n","protected":false},"excerpt":{"rendered":"<p>Title: ORF BIGBAND same Grading: orf-akm pr-platte\/7?\/A\/NM-\/FOC-WOC Info: very rare austrian pressing ca. early seventies, sample copy (printed on label). conductors: johannes fehring, erich kleinschuster, karel krautgartner, ernst kugler. feat. stephanie, brigitte wall, robert demmer, art farmer, ernst lamprecht, robert politzer, garney hicks, butch kellem, heinz czadek, roy deuvall, hans salomon, hans l\u00f6w, leszek zadlo, [&hellip;]<\/p>\n","protected":false},"featured_media":30463,"template":"","meta":[],"product_brand":[],"product_cat":[82,75,65],"product_tag":[],"class_list":{"0":"post-22436","1":"product","2":"type-product","3":"status-publish","4":"has-post-thumbnail","6":"product_cat-jazz-europa","7":"product_cat-raritaeten","8":"product_cat-soul-funk-disco","10":"first","11":"instock","12":"sold-individually","13":"shipping-taxable","14":"purchasable","15":"product-type-simple"},"yoast_head":"<!-- This site is optimized with the Yoast SEO plugin v27.4 - https:\/\/yoast.com\/product\/yoast-seo-wordpress\/ -->\n<title>ORF BIG BAND same - Vinyltom<\/title>\n<meta name=\"robots\" content=\"index, follow, max-snippet:-1, max-image-preview:large, max-video-preview:-1\" \/>\n<link rel=\"canonical\" href=\"https:\/\/vinyltom.com\/en\/produkt\/orf-big-band-same\/\" \/>\n<meta property=\"og:locale\" content=\"en_US\" \/>\n<meta property=\"og:type\" content=\"article\" \/>\n<meta property=\"og:title\" content=\"ORF BIG BAND same - Vinyltom\" \/>\n<meta property=\"og:description\" content=\"Title: ORF BIGBAND same Grading: orf-akm pr-platte\/7?\/A\/NM-\/FOC-WOC Info: very rare austrian pressing ca. early seventies, sample copy (printed on label). conductors: johannes fehring, erich kleinschuster, karel krautgartner, ernst kugler. feat. stephanie, brigitte wall, robert demmer, art farmer, ernst lamprecht, robert politzer, garney hicks, butch kellem, heinz czadek, roy deuvall, hans salomon, hans l\u00f6w, leszek zadlo, [&hellip;]\" \/>\n<meta property=\"og:url\" content=\"https:\/\/vinyltom.com\/en\/produkt\/orf-big-band-same\/\" \/>\n<meta property=\"og:site_name\" content=\"Vinyltom\" \/>\n<meta property=\"article:modified_time\" content=\"2024-12-05T08:30:46+00:00\" \/>\n<meta property=\"og:image\" content=\"https:\/\/vinyltom.com\/wp-content\/uploads\/2021\/03\/orfbigb_stprom.jpg\" \/>\n\t<meta property=\"og:image:width\" content=\"955\" \/>\n\t<meta property=\"og:image:height\" content=\"924\" \/>\n\t<meta property=\"og:image:type\" content=\"image\/jpeg\" \/>\n<meta name=\"twitter:card\" content=\"summary_large_image\" \/>\n<meta name=\"twitter:label1\" content=\"Est. reading time\" \/>\n\t<meta name=\"twitter:data1\" content=\"1 minute\" \/>\n<script type=\"application\/ld+json\" class=\"yoast-schema-graph\">{\"@context\":\"https:\\\/\\\/schema.org\",\"@graph\":[{\"@type\":\"WebPage\",\"@id\":\"https:\\\/\\\/vinyltom.com\\\/en\\\/produkt\\\/orf-big-band-same\\\/\",\"url\":\"https:\\\/\\\/vinyltom.com\\\/en\\\/produkt\\\/orf-big-band-same\\\/\",\"name\":\"ORF BIG BAND same - Vinyltom\",\"isPartOf\":{\"@id\":\"https:\\\/\\\/vinyltom.com\\\/en\\\/#website\"},\"primaryImageOfPage\":{\"@id\":\"https:\\\/\\\/vinyltom.com\\\/en\\\/produkt\\\/orf-big-band-same\\\/#primaryimage\"},\"image\":{\"@id\":\"https:\\\/\\\/vinyltom.com\\\/en\\\/produkt\\\/orf-big-band-same\\\/#primaryimage\"},\"thumbnailUrl\":\"https:\\\/\\\/i0.wp.com\\\/vinyltom.com\\\/wp-content\\\/uploads\\\/2021\\\/03\\\/orfbigb_stprom.jpg?fit=955%2C924&ssl=1\",\"datePublished\":\"2021-03-18T12:51:59+00:00\",\"dateModified\":\"2024-12-05T08:30:46+00:00\",\"breadcrumb\":{\"@id\":\"https:\\\/\\\/vinyltom.com\\\/en\\\/produkt\\\/orf-big-band-same\\\/#breadcrumb\"},\"inLanguage\":\"en-US\",\"potentialAction\":[{\"@type\":\"ReadAction\",\"target\":[\"https:\\\/\\\/vinyltom.com\\\/en\\\/produkt\\\/orf-big-band-same\\\/\"]}]},{\"@type\":\"ImageObject\",\"inLanguage\":\"en-US\",\"@id\":\"https:\\\/\\\/vinyltom.com\\\/en\\\/produkt\\\/orf-big-band-same\\\/#primaryimage\",\"url\":\"https:\\\/\\\/i0.wp.com\\\/vinyltom.com\\\/wp-content\\\/uploads\\\/2021\\\/03\\\/orfbigb_stprom.jpg?fit=955%2C924&ssl=1\",\"contentUrl\":\"https:\\\/\\\/i0.wp.com\\\/vinyltom.com\\\/wp-content\\\/uploads\\\/2021\\\/03\\\/orfbigb_stprom.jpg?fit=955%2C924&ssl=1\",\"width\":955,\"height\":924},{\"@type\":\"BreadcrumbList\",\"@id\":\"https:\\\/\\\/vinyltom.com\\\/en\\\/produkt\\\/orf-big-band-same\\\/#breadcrumb\",\"itemListElement\":[{\"@type\":\"ListItem\",\"position\":1,\"name\":\"Startseite\",\"item\":\"https:\\\/\\\/vinyltom.com\\\/en\\\/\"},{\"@type\":\"ListItem\",\"position\":2,\"name\":\"Shop\",\"item\":\"https:\\\/\\\/vinyltom.com\\\/en\\\/shop-2\\\/\"},{\"@type\":\"ListItem\",\"position\":3,\"name\":\"ORF BIG BAND same\"}]},{\"@type\":\"WebSite\",\"@id\":\"https:\\\/\\\/vinyltom.com\\\/en\\\/#website\",\"url\":\"https:\\\/\\\/vinyltom.com\\\/en\\\/\",\"name\":\"Vinyltom the Record King and Music Specialist\",\"description\":\"Vintage Vinyl Records for Collectors\",\"publisher\":{\"@id\":\"https:\\\/\\\/vinyltom.com\\\/en\\\/#organization\"},\"potentialAction\":[{\"@type\":\"SearchAction\",\"target\":{\"@type\":\"EntryPoint\",\"urlTemplate\":\"https:\\\/\\\/vinyltom.com\\\/en\\\/?s={search_term_string}\"},\"query-input\":{\"@type\":\"PropertyValueSpecification\",\"valueRequired\":true,\"valueName\":\"search_term_string\"}}],\"inLanguage\":\"en-US\"},{\"@type\":\"Organization\",\"@id\":\"https:\\\/\\\/vinyltom.com\\\/en\\\/#organization\",\"name\":\"Vinyltom the Record King and Music Specialist\",\"url\":\"https:\\\/\\\/vinyltom.com\\\/en\\\/\",\"logo\":{\"@type\":\"ImageObject\",\"inLanguage\":\"en-US\",\"@id\":\"https:\\\/\\\/vinyltom.com\\\/en\\\/#\\\/schema\\\/logo\\\/image\\\/\",\"url\":\"https:\\\/\\\/i1.wp.com\\\/vinyltom.com\\\/wp-content\\\/uploads\\\/2020\\\/11\\\/cropped-Vinyltom_logo_druck.jpg?fit=512%2C512&ssl=1\",\"contentUrl\":\"https:\\\/\\\/i1.wp.com\\\/vinyltom.com\\\/wp-content\\\/uploads\\\/2020\\\/11\\\/cropped-Vinyltom_logo_druck.jpg?fit=512%2C512&ssl=1\",\"width\":512,\"height\":512,\"caption\":\"Vinyltom the Record King and Music Specialist\"},\"image\":{\"@id\":\"https:\\\/\\\/vinyltom.com\\\/en\\\/#\\\/schema\\\/logo\\\/image\\\/\"},\"sameAs\":[\"https:\\\/\\\/at.linkedin.com\\\/in\\\/vinyltom\"]}]}<\/script>\n<!-- \/ Yoast SEO plugin. -->","yoast_head_json":{"title":"ORF BIG BAND same - Vinyltom","robots":{"index":"index","follow":"follow","max-snippet":"max-snippet:-1","max-image-preview":"max-image-preview:large","max-video-preview":"max-video-preview:-1"},"canonical":"https:\/\/vinyltom.com\/en\/produkt\/orf-big-band-same\/","og_locale":"en_US","og_type":"article","og_title":"ORF BIG BAND same - Vinyltom","og_description":"Title: ORF BIGBAND same Grading: orf-akm pr-platte\/7?\/A\/NM-\/FOC-WOC Info: very rare austrian pressing ca. early seventies, sample copy (printed on label). conductors: johannes fehring, erich kleinschuster, karel krautgartner, ernst kugler. feat. stephanie, brigitte wall, robert demmer, art farmer, ernst lamprecht, robert politzer, garney hicks, butch kellem, heinz czadek, roy deuvall, hans salomon, hans l\u00f6w, leszek zadlo, [&hellip;]","og_url":"https:\/\/vinyltom.com\/en\/produkt\/orf-big-band-same\/","og_site_name":"Vinyltom","article_modified_time":"2024-12-05T08:30:46+00:00","og_image":[{"width":955,"height":924,"url":"https:\/\/vinyltom.com\/wp-content\/uploads\/2021\/03\/orfbigb_stprom.jpg","type":"image\/jpeg"}],"twitter_card":"summary_large_image","twitter_misc":{"Est. reading time":"1 minute"},"schema":{"@context":"https:\/\/schema.org","@graph":[{"@type":"WebPage","@id":"https:\/\/vinyltom.com\/en\/produkt\/orf-big-band-same\/","url":"https:\/\/vinyltom.com\/en\/produkt\/orf-big-band-same\/","name":"ORF BIG BAND same - Vinyltom","isPartOf":{"@id":"https:\/\/vinyltom.com\/en\/#website"},"primaryImageOfPage":{"@id":"https:\/\/vinyltom.com\/en\/produkt\/orf-big-band-same\/#primaryimage"},"image":{"@id":"https:\/\/vinyltom.com\/en\/produkt\/orf-big-band-same\/#primaryimage"},"thumbnailUrl":"https:\/\/i0.wp.com\/vinyltom.com\/wp-content\/uploads\/2021\/03\/orfbigb_stprom.jpg?fit=955%2C924&ssl=1","datePublished":"2021-03-18T12:51:59+00:00","dateModified":"2024-12-05T08:30:46+00:00","breadcrumb":{"@id":"https:\/\/vinyltom.com\/en\/produkt\/orf-big-band-same\/#breadcrumb"},"inLanguage":"en-US","potentialAction":[{"@type":"ReadAction","target":["https:\/\/vinyltom.com\/en\/produkt\/orf-big-band-same\/"]}]},{"@type":"ImageObject","inLanguage":"en-US","@id":"https:\/\/vinyltom.com\/en\/produkt\/orf-big-band-same\/#primaryimage","url":"https:\/\/i0.wp.com\/vinyltom.com\/wp-content\/uploads\/2021\/03\/orfbigb_stprom.jpg?fit=955%2C924&ssl=1","contentUrl":"https:\/\/i0.wp.com\/vinyltom.com\/wp-content\/uploads\/2021\/03\/orfbigb_stprom.jpg?fit=955%2C924&ssl=1","width":955,"height":924},{"@type":"BreadcrumbList","@id":"https:\/\/vinyltom.com\/en\/produkt\/orf-big-band-same\/#breadcrumb","itemListElement":[{"@type":"ListItem","position":1,"name":"Startseite","item":"https:\/\/vinyltom.com\/en\/"},{"@type":"ListItem","position":2,"name":"Shop","item":"https:\/\/vinyltom.com\/en\/shop-2\/"},{"@type":"ListItem","position":3,"name":"ORF BIG BAND same"}]},{"@type":"WebSite","@id":"https:\/\/vinyltom.com\/en\/#website","url":"https:\/\/vinyltom.com\/en\/","name":"Vinyltom the Record King and Music Specialist","description":"Vintage Vinyl Records for Collectors","publisher":{"@id":"https:\/\/vinyltom.com\/en\/#organization"},"potentialAction":[{"@type":"SearchAction","target":{"@type":"EntryPoint","urlTemplate":"https:\/\/vinyltom.com\/en\/?s={search_term_string}"},"query-input":{"@type":"PropertyValueSpecification","valueRequired":true,"valueName":"search_term_string"}}],"inLanguage":"en-US"},{"@type":"Organization","@id":"https:\/\/vinyltom.com\/en\/#organization","name":"Vinyltom the Record King and Music Specialist","url":"https:\/\/vinyltom.com\/en\/","logo":{"@type":"ImageObject","inLanguage":"en-US","@id":"https:\/\/vinyltom.com\/en\/#\/schema\/logo\/image\/","url":"https:\/\/i1.wp.com\/vinyltom.com\/wp-content\/uploads\/2020\/11\/cropped-Vinyltom_logo_druck.jpg?fit=512%2C512&ssl=1","contentUrl":"https:\/\/i1.wp.com\/vinyltom.com\/wp-content\/uploads\/2020\/11\/cropped-Vinyltom_logo_druck.jpg?fit=512%2C512&ssl=1","width":512,"height":512,"caption":"Vinyltom the Record King and Music Specialist"},"image":{"@id":"https:\/\/vinyltom.com\/en\/#\/schema\/logo\/image\/"},"sameAs":["https:\/\/at.linkedin.com\/in\/vinyltom"]}]}},"jetpack_sharing_enabled":true,"_links":{"self":[{"href":"https:\/\/vinyltom.com\/en\/wp-json\/wp\/v2\/product\/22436","targetHints":{"allow":["GET"]}}],"collection":[{"href":"https:\/\/vinyltom.com\/en\/wp-json\/wp\/v2\/product"}],"about":[{"href":"https:\/\/vinyltom.com\/en\/wp-json\/wp\/v2\/types\/product"}],"wp:featuredmedia":[{"embeddable":true,"href":"https:\/\/vinyltom.com\/en\/wp-json\/wp\/v2\/media\/30463"}],"wp:attachment":[{"href":"https:\/\/vinyltom.com\/en\/wp-json\/wp\/v2\/media?parent=22436"}],"wp:term":[{"taxonomy":"product_brand","embeddable":true,"href":"https:\/\/vinyltom.com\/en\/wp-json\/wp\/v2\/product_brand?post=22436"},{"taxonomy":"product_cat","embeddable":true,"href":"https:\/\/vinyltom.com\/en\/wp-json\/wp\/v2\/product_cat?post=22436"},{"taxonomy":"product_tag","embeddable":true,"href":"https:\/\/vinyltom.com\/en\/wp-json\/wp\/v2\/product_tag?post=22436"}],"curies":[{"name":"wp","href":"https:\/\/api.w.org\/{rel}","templated":true}]}}